{"id":2,"date":"2011-07-11T12:56:23","date_gmt":"2011-07-11T10:56:23","guid":{"rendered":"http:\/\/studio-acd.com\/\/?page_id=2"},"modified":"2013-07-25T13:51:43","modified_gmt":"2013-07-25T11:51:43","slug":"about","status":"publish","type":"page","link":"https:\/\/studio-acd.com\/?page_id=2","title":{"rendered":"ABOUT ACD"},"content":{"rendered":"<div style=\"text-align: justify;\">\n<h4 style=\"text-align: left;\" align=\"justify\"><span style=\"text-decoration: underline; color: #c0c0c0;\"><span style=\"color: #c0c0c0; text-decoration: underline;\"><a href=\"http:\/\/www.otstrasbourg.fr\/\" target=\"_blank\">Strasbourg<\/a><\/span><\/span><\/h4>\n<p style=\"text-align: left;\" align=\"justify\"><span style=\"color: #c0c0c0;\">L\u2019architecture d\u2019int\u00e9rieur\u00a0proc\u00e8de des arts d\u00e9coratifs\u00a0comme de l&rsquo;architecture. Elle con\u00e7oit l&rsquo;architecture \u00e0 l&rsquo;\u00e9chelle intime de la vie quotidienne et l\u2019inscrit dans les comportements domestiques, professionnels et culturels des hommes.<\/span><\/p>\n<p style=\"text-align: left;\"><span style=\"color: #c0c0c0;\">Elle m\u00e8ne l&rsquo;architecture \u00e0 son terme, dans le d\u00e9tail rationnel et po\u00e9tique, en jouant avec les espaces, la lumi\u00e8re, la couleur, le mobilier, les \u00e9quipements, les objets et l\u2019individualit\u00e9 de l\u2019occupant, afin de cr\u00e9er des lieux non seulement op\u00e9rationnels et confortables, mais qui refl\u00e8tent la personnalit\u00e9 du commanditaire.<\/span><\/p>\n<p style=\"text-align: left;\"><span style=\"color: #c0c0c0;\">Situ\u00e9e dans cette perspective tr\u00e8s sp\u00e9cifique, la pratique professionnelle est n\u00e9anmoins structur\u00e9e comme celle de l&rsquo;architecture\u00a0: le processus de conception et de r\u00e9alisation des projets suit le m\u00eame trace. Cr\u00e9er un espace, \u00e0 l\u2019int\u00e9rieur du cadre b\u00e2ti, c\u2019est respecter l\u2019architecture en la menant \u00e0 son terme.<\/span><\/p>\n<p style=\"text-align: left;\" align=\"justify\"><span style=\"color: #c0c0c0;\">C\u2019est analyser les contraintes d\u2019un b\u00e2timent \u00e0 une \u00e9chelle diff\u00e9rente de celle de l\u2019architecte: celle de l\u2019individu. Mais c\u2019est aussi valoriser son utilisation sur une dur\u00e9e particuli\u00e8re: celle de l\u2019instant.<\/span><\/p>\n<p style=\"text-align: left;\" align=\"justify\"><span style=\"color: #c0c0c0;\">Ainsi l\u2019architecte d\u2019int\u00e9rieur, au c\u0153ur de l\u2019architecture, cerne les territoires et d\u00e9finit les trajectoires emprunt\u00e9es par l\u2019\u00eatre humain. Capable de concevoir aussi bien un espace intelligent, d\u2019aborder les probl\u00e9matiques d\u2019image ou d\u2019ambiance, que de r\u00e9soudre le d\u00e9tail de jonction entre deux mat\u00e9riaux, c\u2019est un cr\u00e9ateur polyvalent qui assure la ma\u00eetrise d\u2019\u0153uvre de ses r\u00e9alisations.<\/span><\/p>\n<p style=\"text-align: left;\"><span style=\"color: #c0c0c0;\">Situ\u00e9e en amont de la prestation du d\u00e9corateur ou de celle du designer, mais les rejoignant souvent en fin de parcours, l\u2019activit\u00e9\u00a0de l\u2019architecte d\u2019int\u00e9rieur couvre,\u00a0outre\u00a0l\u2019am\u00e9nagement de l\u2019espace, des domaines tr\u00e8s vari\u00e9s: depuis le design de produit ou de mobilier, jusqu\u2019au graphisme et la signal\u00e9tique en passant par le design textile ou l\u2019\u00e9tude de la couleur, c\u2019est leur relation prioritaire \u00e0 l\u2019espace qui f\u00e9d\u00e8re toutes ces disciplines.<\/span><\/p>\n<p style=\"text-align: left;\" align=\"justify\"><span style=\"color: #c0c0c0;\">L\u2019architecte d\u2019int\u00e9rieur peut aujourd\u2019hui d\u00e9velopper sa pens\u00e9e, son savoir et sa m\u00e9thode en s\u2019appuyant sur une formation sup\u00e9rieure en \u00abarts appliqu\u00e9s\u00bb, unique en son genre.<\/span><\/p>\n<h5 style=\"text-align: left;\"><span style=\"color: #c0c0c0;\">\u00a0 \u00a0 \u00a0 \u00a0 \u00a0 \u00a0 \u00a0 \u00a0 \u00a0 \u00a0 \u00a0 \u00a0 \u00a0 \u00a0 \u00a0 \u00a0 \u00a0 \u00a0 \u00a0 \u00a0 \u00a0 \u00a0 \u00a0 \u00a0 \u00a0 \u00a0 \u00a0 \u00a0 \u00a0 \u00a0 \u00a0 \u00a0 \u00a0 \u00a0 \u00a0 \u00a0 \u00a0 \u00a0 \u00a0 \u00a0 \u00a0 \u00a0 \u00a0 \u00a0 \u00a0 \u00a0 \u00a0 \u00a0 \u00a0 \u00a0 \u00a0 \u00a0 \u00a0 \u00a0 \u00a0 \u00a0 \u00a0 \u00a0 \u00a0 \u00a0 \u00a0 \u00a0 \u00a0 \u00a0 \u00a0 \u00a0 \u00a0 \u00a0 \u00a0 \u00a0SIRET 494 865 355 00031<\/span><\/h5>\n<\/div>\n","protected":false},"excerpt":{"rendered":"<p>Strasbourg L\u2019architecture d\u2019int\u00e9rieur\u00a0proc\u00e8de des arts d\u00e9coratifs\u00a0comme de l&rsquo;architecture. Elle con\u00e7oit l&rsquo;architecture \u00e0 l&rsquo;\u00e9chelle intime de la vie quotidienne et l\u2019inscrit dans les comportements domestiques, professionnels et culturels des hommes. Elle m\u00e8ne l&rsquo;architecture \u00e0 son terme, dans le d\u00e9tail rationnel et po\u00e9tique, en jouant avec les espaces, la lumi\u00e8re, la couleur, le mobilier, les \u00e9quipements, les [&hellip;]<\/p>\n","protected":false},"author":1,"featured_media":0,"parent":0,"menu_order":2,"comment_status":"open","ping_status":"closed","template":"","meta":{"footnotes":""},"class_list":["post-2","page","type-page","status-publish","hentry"],"aioseo_notices":[],"jetpack_sharing_enabled":true,"_links":{"self":[{"href":"https:\/\/studio-acd.com\/index.php?rest_route=\/wp\/v2\/pages\/2","targetHints":{"allow":["GET"]}}],"collection":[{"href":"https:\/\/studio-acd.com\/index.php?rest_route=\/wp\/v2\/pages"}],"about":[{"href":"https:\/\/studio-acd.com\/index.php?rest_route=\/wp\/v2\/types\/page"}],"author":[{"embeddable":true,"href":"https:\/\/studio-acd.com\/index.php?rest_route=\/wp\/v2\/users\/1"}],"replies":[{"embeddable":true,"href":"https:\/\/studio-acd.com\/index.php?rest_route=%2Fwp%2Fv2%2Fcomments&post=2"}],"version-history":[{"count":85,"href":"https:\/\/studio-acd.com\/index.php?rest_route=\/wp\/v2\/pages\/2\/revisions"}],"predecessor-version":[{"id":40,"href":"https:\/\/studio-acd.com\/index.php?rest_route=\/wp\/v2\/pages\/2\/revisions\/40"}],"wp:attachment":[{"href":"https:\/\/studio-acd.com\/index.php?rest_route=%2Fwp%2Fv2%2Fmedia&parent=2"}],"curies":[{"name":"wp","href":"https:\/\/api.w.org\/{rel}","templated":true}]}}