{"id":181,"date":"2011-07-27T00:12:26","date_gmt":"2011-07-26T22:12:26","guid":{"rendered":"http:\/\/studio-acd.com\/?page_id=181"},"modified":"2013-07-25T13:51:29","modified_gmt":"2013-07-25T11:51:29","slug":"architecture-dinterieur","status":"publish","type":"page","link":"https:\/\/studio-acd.com\/?page_id=181","title":{"rendered":"OUR SERVICES"},"content":{"rendered":"<p><span style=\"color: #c0c0c0;\"><strong><img data-recalc-dims=\"1\" loading=\"lazy\" decoding=\"async\" src=\"https:\/\/i0.wp.com\/www.sbsdesign-contemporain.com\/local\/cache-vignettes\/L16xH16_puce-536fb.gif?resize=14%2C14\" alt=\"\" width=\"14\" height=\"14\" \/>\u00a0Qu\u2019est ce qu\u2019un ARCHITECTE D&rsquo;INT\u00c9RIEUR ?<\/strong><\/span><\/p>\n<p><span style=\"color: #c0c0c0;\">Vous avez envie d\u2019offrir un coup de jeune \u00e0 votre appartement ou votre maison. Vous souhaitez agrandir votre maison, sur\u00e9lever une toiture am\u00e9nager des combles.<\/span><br \/>\n<span style=\"color: #c0c0c0;\"> Vous \u00eates professionnel et vous souhaitez\u00a0\u00a0modifier vos espaces de travail, r\u00e9nover votre h\u00f4tel, relooker votre magasin, votre restaurant ou vos bureaux\u00a0?<\/span><\/p>\n<p><span style=\"color: #c0c0c0;\">Engagez un architecte d\u2019int\u00e9rieur, il vous aidera \u00e0 mieux red\u00e9finir et structurer votre espace.<\/span><\/p>\n<p><span style=\"color: #c0c0c0;\">L\u2019architecte d\u2019int\u00e9rieur est la personne qui va concevoir un espace o\u00f9 les crit\u00e8res esth\u00e9tiques et fonctionnels vont s\u2019accorder selon vos go\u00fbts et votre budget.<\/span><br \/>\n<span style=\"color: #c0c0c0;\"> Il va prendre en compte l\u2019\u00e9clairage, les volumes, les espaces de vie et les mati\u00e8res pour vous proposer le meilleur agencement envisageable.<\/span><\/p>\n<p><span style=\"color: #c0c0c0;\">Pour repenser votre maison, vos bureaux&#8230; faites appel \u00e0 un Architecte d&rsquo;int\u00e9rieur. Pour le reconna\u00eetre, c\u2019est simple, il s\u2019agit de v\u00e9rifier s\u2019il est dipl\u00f4m\u00e9 d\u2019une \u00e9cole reconnue par l&rsquo;\u00e9ducation National.<\/span><\/p>\n<p><span style=\"color: #c0c0c0;\"><img data-recalc-dims=\"1\" loading=\"lazy\" decoding=\"async\" src=\"https:\/\/i0.wp.com\/www.sbsdesign-contemporain.com\/local\/cache-vignettes\/L16xH16_puce-536fb.gif?resize=14%2C14\" alt=\"-\" width=\"14\" height=\"14\" \/>\u00a0<strong>Dans quels cas faire appel \u00e0 un architecte d&rsquo;int\u00e9rieur ?<\/strong><\/span><\/p>\n<p><span style=\"color: #c0c0c0;\">Si votre appartement, maison, bureau&#8230; ont besoin de travaux de gros \u0153uvre :<\/span><br \/>\n<span style=\"color: #c0c0c0;\"> plomberie, cloison \u00e0 abattre, \u00e9lectricit\u00e9 \u00e0 refaire, escalier \u00e0 cr\u00e9er, l\u2019architecte d\u2019int\u00e9rieur est le professionnel le mieux adapt\u00e9 \u00e0 votre situation\u00a0: il conna\u00eet les normes de s\u00e9curit\u00e9 et de construction ainsi que les diff\u00e9rents codes qui vont s\u2019appliquer \u00e0 votre chantier. Dans un premier temps, une premi\u00e8re rencontre avec l\u2019architecte d\u2019int\u00e9rieur va vous permettre d\u2019\u00e9changer vos id\u00e9es. Ensuite, il va faire un \u00e9tat des lieux puis, apr\u00e8s avoir d\u00e9fini avec vous vos besoins et attentes, il vous proposera un agencement de votre espace.<\/span><\/p>\n<p><span style=\"color: #c0c0c0;\">Avant de vous lancer dans l\u2019aventure, fixez-vous un budget. Cela permet \u00e0 votre architecte d\u2019int\u00e9rieur de vous faire des propositions r\u00e9alistes et de vous aider \u00e0 faire les bons choix pour \u00e9viter les d\u00e9passements.<\/span><\/p>\n<p><span style=\"color: #c0c0c0;\"><img data-recalc-dims=\"1\" loading=\"lazy\" decoding=\"async\" src=\"https:\/\/i0.wp.com\/www.sbsdesign-contemporain.com\/local\/cache-vignettes\/L16xH16_puce-536fb.gif?resize=14%2C14\" alt=\"-\" width=\"14\" height=\"14\" \/>\u00a0<strong>Combien co\u00fbte la prestation d\u2019un architecte d&rsquo;int\u00e9rieur ?<\/strong><\/span><\/p>\n<p><span style=\"color: #c0c0c0;\">La prestation d&rsquo;un architecte a un co\u00fbt. Cependant, ce co\u00fbt est d\u00e9termin\u00e9 en accord avec le client et il est g\u00e9n\u00e9ralement bas\u00e9 sur un pourcentage qui varie de 10 \u00e0 12 % du montant global des travaux.<\/span><br \/>\n<span style=\"color: #c0c0c0;\"> Certains architectes d\u2019int\u00e9rieur proposent une mission partielle limit\u00e9e \u00e0 une phase \u00ab\u00a0Avant projet, \u00e9tude\u00a0\u00bb ce qui correspond \u00e0 diversses propositions d\u2019implantations en plan, des croquis en 3D, des proposition de mat\u00e9riaux, couleurs et mobilier. Cet avant projet vous donne les id\u00e9es, mais dans une mission partielle l\u2019architecte d\u2019int\u00e9rieur ne g\u00e8re pas le chantier. Il peut le cas \u00e9ch\u00e9ant vous indiquer des entreprises \u00e0 m\u00eame de r\u00e9aliser vos travaux. Le co\u00fbt de cet avant projet est d\u00e9termin\u00e9 selon la surface \u00e0 r\u00e9nover.<\/span><\/p>\n<p><span style=\"color: #c0c0c0;\"><img data-recalc-dims=\"1\" loading=\"lazy\" decoding=\"async\" src=\"https:\/\/i0.wp.com\/www.sbsdesign-contemporain.com\/local\/cache-vignettes\/L16xH16_puce-536fb.gif?resize=14%2C14\" alt=\"-\" width=\"14\" height=\"14\" \/>\u00a0<strong>Il ne faut pas confondre un architecte d&rsquo;int\u00e9rieur avec un d\u00e9corateur.<\/strong><\/span><\/p>\n<p><span style=\"color: #c0c0c0;\">Un v\u00e9ritable architecte d\u2019int\u00e9rieur est apte \u00e0 g\u00e9rer un chantier et r\u00e9aliser des plans. Il est d\u00e9tenteur d\u2019un dipl\u00f4me reconnu par l\u2019\u00e9tat ( Bac +5 ans) ce qui n\u2019est pas le cas du d\u00e9corateur, qui se contentera de vous conseiller que sur les couleurs et le mobilier.<\/span><\/p>\n<p><span style=\"color: #c0c0c0;\">Un architecte d\u2019int\u00e9rieur va vous sugg\u00e9rer des propositions d\u2019am\u00e9nagement structurel et vous conseiller sur les tendances, il va vous projeter dans votre futur int\u00e9rieur. Une fois le projet d\u00e9fini et les plans valid\u00e9s, l\u2019architecte sera responsable du chantier et coordonnera l\u2019ensemble des travaux pour s\u2019assurer de leur bonne ex\u00e9cution. C\u2019est votre meilleure garantie pour le respect des prix et des d\u00e9lais.<\/span><\/p>\n<p><span style=\"color: #c0c0c0;\">Apr\u00e8s validation des plans, il va faire appel aux professionnels qui vont r\u00e9aliser le chantier.<\/span><\/p>\n<p><span style=\"color: #c0c0c0;\"><img data-recalc-dims=\"1\" loading=\"lazy\" decoding=\"async\" src=\"https:\/\/i0.wp.com\/www.sbsdesign-contemporain.com\/local\/cache-vignettes\/L16xH16_puce-536fb.gif?resize=14%2C14\" alt=\"-\" width=\"14\" height=\"14\" \/>\u00a0<strong>Quelles sont les obligations d\u2019un architecte d&rsquo;int\u00e9rieur ?<\/strong><\/span><\/p>\n<p><span style=\"color: #c0c0c0;\">Quand il accepte sa mission, l\u2019architecte d\u2019int\u00e9rieur doit mettre tout en \u0153uvre pour mener \u00e0 bien le chantier et la r\u00e9alisation des travaux.<\/span><\/p>\n<p><span style=\"color: #c0c0c0;\">\u00c0 chaque \u00e9tape de l\u2019avancement du chantier, il va soumettre \u00e0 votre approbation tout document relatif \u00e0 votre chantier. Dans le cas o\u00f9 un incident n\u00e9cessite un d\u00e9passement de budget, cette d\u00e9cision sera soumise \u00e0 votre accord.<\/span><\/p>\n<p><span style=\"color: #c0c0c0;\">Il doit aussi souscrire une assurance couvrant sa responsabilit\u00e9 professionnelle.<\/span><\/p>\n<p><span style=\"text-decoration: underline; color: #c0c0c0;\"><span style=\"text-decoration: underline;\"><br \/>\n<\/span><\/span><\/p>\n","protected":false},"excerpt":{"rendered":"<p>\u00a0Qu\u2019est ce qu\u2019un ARCHITECTE D&rsquo;INT\u00c9RIEUR ? Vous avez envie d\u2019offrir un coup de jeune \u00e0 votre appartement ou votre maison. Vous souhaitez agrandir votre maison, sur\u00e9lever une toiture am\u00e9nager des combles. Vous \u00eates professionnel et vous souhaitez\u00a0\u00a0modifier vos espaces de travail, r\u00e9nover votre h\u00f4tel, relooker votre magasin, votre restaurant ou vos bureaux\u00a0? Engagez un architecte [&hellip;]<\/p>\n","protected":false},"author":1,"featured_media":0,"parent":0,"menu_order":0,"comment_status":"open","ping_status":"closed","template":"","meta":{"footnotes":""},"class_list":["post-181","page","type-page","status-publish","hentry"],"aioseo_notices":[],"jetpack_sharing_enabled":true,"_links":{"self":[{"href":"https:\/\/studio-acd.com\/index.php?rest_route=\/wp\/v2\/pages\/181","targetHints":{"allow":["GET"]}}],"collection":[{"href":"https:\/\/studio-acd.com\/index.php?rest_route=\/wp\/v2\/pages"}],"about":[{"href":"https:\/\/studio-acd.com\/index.php?rest_route=\/wp\/v2\/types\/page"}],"author":[{"embeddable":true,"href":"https:\/\/studio-acd.com\/index.php?rest_route=\/wp\/v2\/users\/1"}],"replies":[{"embeddable":true,"href":"https:\/\/studio-acd.com\/index.php?rest_route=%2Fwp%2Fv2%2Fcomments&post=181"}],"version-history":[{"count":46,"href":"https:\/\/studio-acd.com\/index.php?rest_route=\/wp\/v2\/pages\/181\/revisions"}],"predecessor-version":[{"id":1688,"href":"https:\/\/studio-acd.com\/index.php?rest_route=\/wp\/v2\/pages\/181\/revisions\/1688"}],"wp:attachment":[{"href":"https:\/\/studio-acd.com\/index.php?rest_route=%2Fwp%2Fv2%2Fmedia&parent=181"}],"curies":[{"name":"wp","href":"https:\/\/api.w.org\/{rel}","templated":true}]}}